{"id":20921,"date":"2026-02-19T23:22:15","date_gmt":"2026-02-19T23:22:15","guid":{"rendered":"https:\/\/suetequilana.com.mx\/?post_type=product&#038;p=20921"},"modified":"2026-02-19T23:33:40","modified_gmt":"2026-02-19T23:33:40","slug":"composta-organica-natural-10kg","status":"publish","type":"product","link":"https:\/\/suetequilana.com.mx\/index.php\/product\/composta-organica-natural-10kg\/","title":{"rendered":"Composta Organica Natural 10kg"},"content":{"rendered":"<h2 data-start=\"0\" data-end=\"266\"><span style=\"color: #ffffff;\"><strong>Fertilizante org\u00e1nico s\u00f3lido elaborado a partir de composta org\u00e1nica a base de vinaza de tequila y bagazo.<\/strong><\/span><\/h2>\n<p data-start=\"0\" data-end=\"266\">Composta org\u00e1nica obtenida de la mezcla y descomposici\u00f3n controlada de vinaza de tequilera y bagazo de agave. Esta composta es un abono natural ideal para mejorar la estructura del suelo, aportar nutrientes esenciales y promover la actividad microbiana en la tierra.<\/p>\n<p data-start=\"268\" data-end=\"647\">Todo lote de composta cumple con la norma NMX-AA-180-SCFI-2018 y el aseguramiento de calidad es basado. El aseguramiento de calidad se basa en cinco an\u00e1lisis de laboratorio: Inocuidad (Coliformes totales, Coliformes fecales, Salmonella y Lystena monacytogenes), Fitopatol\u00f3gico (Bacterias, hongos y nem\u00e1todos), Microorganismos fitoben\u00e9ficos &#8220;Perfil nutricional y Metales pesados&#8221;.<\/p>\n<p data-start=\"649\" data-end=\"962\" data-is-last-node=\"\" data-is-only-node=\"\"><strong>APLICACIONES<\/strong><br data-start=\"661\" data-end=\"664\" \/>Mejora la calidad de suelos agr\u00edcolas, hort\u00edcolas y jardineros. Ideal para cultivos de agave, frutas, vegetales y plantas ornamentales. Puede usarse como enmienda org\u00e1nica en tierras baja en nutrientes. Aporta materia org\u00e1nica que mejora la estructura del suelo y su capacidad de retenci\u00f3n de agua.<\/p>\n<div id=\"gtx-anchor\" style=\"position: absolute; visibility: hidden; left: 221.195px; top: 26.4297px; width: 171.359px; height: 24px;\"><\/div>\n<div class=\"jfk-bubble gtx-bubble\" style=\"visibility: visible; left: -171px; top: 60px; opacity: 1;\" role=\"alertdialog\" aria-describedby=\"bubble-3\">\n<div id=\"bubble-3\" class=\"jfk-bubble-content-id\">\n<div id=\"gtx-host\" style=\"min-width: 200px; max-width: 400px;\"><\/div>\n<\/div>\n<div class=\"jfk-bubble-closebtn-id jfk-bubble-closebtn\" tabindex=\"0\" role=\"button\" aria-label=\"Close\"><\/div>\n<div class=\"jfk-bubble-arrow-id jfk-bubble-arrow jfk-bubble-arrowup\" style=\"left: 296.695px;\">\n<div class=\"jfk-bubble-arrowimplbefore\"><\/div>\n<div class=\"jfk-bubble-arrowimplafter\"><\/div>\n<\/div>\n<\/div>\n","protected":false},"excerpt":{"rendered":"<p><strong data-start=\"134\" data-end=\"170\">Agaven Composta Org\u00e1nica Natural<\/strong> es un mejorador de suelo elaborado a partir de materia org\u00e1nica estabilizada, ideal para agricultura, horticultura, viveros, invernaderos y proyectos de restauraci\u00f3n de suelos.<\/p>\n<p>&nbsp;<\/p>\n<p>Se comercializa <strong data-start=\"367\" data-end=\"392\">a granel por tonelada<\/strong> y en <strong data-start=\"398\" data-end=\"430\">sacos de 5 kg, 10 kg y 25 kg<\/strong>, adapt\u00e1ndonos a las necesidades de productores agr\u00edcolas, distribuidores e industrias.<\/p>\n<p>&nbsp;<\/p>\n<p data-start=\"781\" data-end=\"798\">Nuestra composta:<\/p>\n<ul data-start=\"800\" data-end=\"1033\">\n<li data-start=\"800\" data-end=\"845\">\n<p data-start=\"802\" data-end=\"845\">\u2714 Aumenta la <strong data-start=\"815\" data-end=\"845\">materia org\u00e1nica del suelo<\/strong><\/p>\n<\/li>\n<li data-start=\"846\" data-end=\"881\">\n<p data-start=\"848\" data-end=\"881\">\u2714 Mejora la <strong data-start=\"860\" data-end=\"881\">retenci\u00f3n de agua<\/strong><\/p>\n<\/li>\n<li data-start=\"882\" data-end=\"928\">\n<p data-start=\"884\" data-end=\"928\">\u2714 Incrementa la <strong data-start=\"900\" data-end=\"928\">actividad microbiol\u00f3gica<\/strong><\/p>\n<\/li>\n<li data-start=\"929\" data-end=\"981\">\n<p data-start=\"931\" data-end=\"981\">\u2714 Favorece la <strong data-start=\"945\" data-end=\"981\">estructura y aireaci\u00f3n del suelo<\/strong><\/p>\n<\/li>\n<li data-start=\"982\" data-end=\"1033\">\n<p data-start=\"984\" data-end=\"1033\">\u2714 Reduce la dependencia de fertilizantes qu\u00edmicos<\/p>\n<\/li>\n<\/ul>\n<div id=\"gtx-anchor\" style=\"position: absolute; visibility: hidden; left: 10px; top: 12px; width: 797.898px; height: 16px;\"><\/div>\n<div class=\"jfk-bubble gtx-bubble\" style=\"visibility: visible; left: -113px; top: 38px; opacity: 1;\" role=\"alertdialog\" aria-describedby=\"bubble-2\">\n<div id=\"bubble-2\" class=\"jfk-bubble-content-id\">\n<div id=\"gtx-host\" style=\"min-width: 200px; max-width: 400px;\"><\/div>\n<\/div>\n<div class=\"jfk-bubble-closebtn-id jfk-bubble-closebtn\" tabindex=\"0\" role=\"button\" aria-label=\"Close\"><\/div>\n<div class=\"jfk-bubble-arrow-id jfk-bubble-arrow jfk-bubble-arrowup\" style=\"left: 399px;\">\n<div class=\"jfk-bubble-arrowimplbefore\"><\/div>\n<div class=\"jfk-bubble-arrowimplafter\"><\/div>\n<\/div>\n<\/div>\n","protected":false},"featured_media":20922,"comment_status":"closed","ping_status":"closed","template":"","meta":[],"product_brand":[],"product_cat":[41],"product_tag":[],"class_list":{"0":"post-20921","1":"product","2":"type-product","3":"status-publish","4":"has-post-thumbnail","6":"product_cat-uncategorized","7":"description-off","9":"first","10":"instock","11":"taxable","12":"shipping-taxable","13":"product-type-simple"},"yoast_head":"<!-- This site is optimized with the Yoast SEO plugin v27.5 - https:\/\/yoast.com\/product\/yoast-seo-wordpress\/ -->\n<title>Composta Organica Natural 10kg - SUE Tequilana<\/title>\n<meta name=\"description\" content=\"Composta Org\u00e1nica Natural es un mejorador de suelo elaborado a partir de materia org\u00e1nica estabilizada, ideal para agricultura.\" \/>\n<meta name=\"robots\" content=\"index, follow, max-snippet:-1, max-image-preview:large, max-video-preview:-1\" \/>\n<link rel=\"canonical\" href=\"https:\/\/suetequilana.com.mx\/index.php\/product\/composta-organica-natural-10kg\/\" \/>\n<meta property=\"og:locale\" content=\"es_MX\" \/>\n<meta property=\"og:type\" content=\"article\" \/>\n<meta property=\"og:title\" content=\"Composta Organica Natural 10kg - SUE Tequilana\" \/>\n<meta property=\"og:description\" content=\"Composta Org\u00e1nica Natural es un mejorador de suelo elaborado a partir de materia org\u00e1nica estabilizada, ideal para agricultura.\" \/>\n<meta property=\"og:url\" content=\"https:\/\/suetequilana.com.mx\/index.php\/product\/composta-organica-natural-10kg\/\" \/>\n<meta property=\"og:site_name\" content=\"SUE Tequilana\" \/>\n<meta property=\"article:publisher\" content=\"https:\/\/www.facebook.com\/Sue.tequilana\" \/>\n<meta property=\"article:modified_time\" content=\"2026-02-19T23:33:40+00:00\" \/>\n<meta property=\"og:image\" content=\"https:\/\/suetequilana.com.mx\/wp-content\/uploads\/2026\/02\/Agaven-10kg-composta-organica.png\" \/>\n\t<meta property=\"og:image:width\" content=\"832\" \/>\n\t<meta property=\"og:image:height\" content=\"1248\" \/>\n\t<meta property=\"og:image:type\" content=\"image\/png\" \/>\n<meta name=\"twitter:card\" content=\"summary_large_image\" \/>\n<meta name=\"twitter:label1\" content=\"Tiempo de lectura\" \/>\n\t<meta name=\"twitter:data1\" content=\"1 minuto\" \/>\n<script type=\"application\/ld+json\" class=\"yoast-schema-graph\">{\"@context\":\"https:\\\/\\\/schema.org\",\"@graph\":[{\"@type\":\"WebPage\",\"@id\":\"https:\\\/\\\/suetequilana.com.mx\\\/index.php\\\/product\\\/composta-organica-natural-10kg\\\/\",\"url\":\"https:\\\/\\\/suetequilana.com.mx\\\/index.php\\\/product\\\/composta-organica-natural-10kg\\\/\",\"name\":\"Composta Organica Natural 10kg - SUE Tequilana\",\"isPartOf\":{\"@id\":\"https:\\\/\\\/suetequilana.com.mx\\\/#website\"},\"primaryImageOfPage\":{\"@id\":\"https:\\\/\\\/suetequilana.com.mx\\\/index.php\\\/product\\\/composta-organica-natural-10kg\\\/#primaryimage\"},\"image\":{\"@id\":\"https:\\\/\\\/suetequilana.com.mx\\\/index.php\\\/product\\\/composta-organica-natural-10kg\\\/#primaryimage\"},\"thumbnailUrl\":\"https:\\\/\\\/suetequilana.com.mx\\\/wp-content\\\/uploads\\\/2026\\\/02\\\/Agaven-10kg-composta-organica.png\",\"datePublished\":\"2026-02-19T23:22:15+00:00\",\"dateModified\":\"2026-02-19T23:33:40+00:00\",\"description\":\"Composta Org\u00e1nica Natural es un mejorador de suelo elaborado a partir de materia org\u00e1nica estabilizada, ideal para agricultura.\",\"breadcrumb\":{\"@id\":\"https:\\\/\\\/suetequilana.com.mx\\\/index.php\\\/product\\\/composta-organica-natural-10kg\\\/#breadcrumb\"},\"inLanguage\":\"es\",\"potentialAction\":[{\"@type\":\"ReadAction\",\"target\":[\"https:\\\/\\\/suetequilana.com.mx\\\/index.php\\\/product\\\/composta-organica-natural-10kg\\\/\"]}]},{\"@type\":\"ImageObject\",\"inLanguage\":\"es\",\"@id\":\"https:\\\/\\\/suetequilana.com.mx\\\/index.php\\\/product\\\/composta-organica-natural-10kg\\\/#primaryimage\",\"url\":\"https:\\\/\\\/suetequilana.com.mx\\\/wp-content\\\/uploads\\\/2026\\\/02\\\/Agaven-10kg-composta-organica.png\",\"contentUrl\":\"https:\\\/\\\/suetequilana.com.mx\\\/wp-content\\\/uploads\\\/2026\\\/02\\\/Agaven-10kg-composta-organica.png\",\"width\":832,\"height\":1248,\"caption\":\"Composta org\u00e1nica natural, composta de agave, composta a granel, composta por tonelada\"},{\"@type\":\"BreadcrumbList\",\"@id\":\"https:\\\/\\\/suetequilana.com.mx\\\/index.php\\\/product\\\/composta-organica-natural-10kg\\\/#breadcrumb\",\"itemListElement\":[{\"@type\":\"ListItem\",\"position\":1,\"name\":\"Inicio\",\"item\":\"https:\\\/\\\/suetequilana.com.mx\\\/\"},{\"@type\":\"ListItem\",\"position\":2,\"name\":\"Productos\",\"item\":\"https:\\\/\\\/suetequilana.com.mx\\\/index.php\\\/productos\\\/\"},{\"@type\":\"ListItem\",\"position\":3,\"name\":\"Composta Organica Natural 10kg\"}]},{\"@type\":\"WebSite\",\"@id\":\"https:\\\/\\\/suetequilana.com.mx\\\/#website\",\"url\":\"https:\\\/\\\/suetequilana.com.mx\\\/\",\"name\":\"SUE Tequilana\",\"description\":\"Comporta org\u00e1nica de agave\",\"potentialAction\":[{\"@type\":\"SearchAction\",\"target\":{\"@type\":\"EntryPoint\",\"urlTemplate\":\"https:\\\/\\\/suetequilana.com.mx\\\/?s={search_term_string}\"},\"query-input\":{\"@type\":\"PropertyValueSpecification\",\"valueRequired\":true,\"valueName\":\"search_term_string\"}}],\"inLanguage\":\"es\"}]}<\/script>\n<!-- \/ Yoast SEO plugin. -->","yoast_head_json":{"title":"Composta Organica Natural 10kg - SUE Tequilana","description":"Composta Org\u00e1nica Natural es un mejorador de suelo elaborado a partir de materia org\u00e1nica estabilizada, ideal para agricultura.","robots":{"index":"index","follow":"follow","max-snippet":"max-snippet:-1","max-image-preview":"max-image-preview:large","max-video-preview":"max-video-preview:-1"},"canonical":"https:\/\/suetequilana.com.mx\/index.php\/product\/composta-organica-natural-10kg\/","og_locale":"es_MX","og_type":"article","og_title":"Composta Organica Natural 10kg - SUE Tequilana","og_description":"Composta Org\u00e1nica Natural es un mejorador de suelo elaborado a partir de materia org\u00e1nica estabilizada, ideal para agricultura.","og_url":"https:\/\/suetequilana.com.mx\/index.php\/product\/composta-organica-natural-10kg\/","og_site_name":"SUE Tequilana","article_publisher":"https:\/\/www.facebook.com\/Sue.tequilana","article_modified_time":"2026-02-19T23:33:40+00:00","og_image":[{"width":832,"height":1248,"url":"https:\/\/suetequilana.com.mx\/wp-content\/uploads\/2026\/02\/Agaven-10kg-composta-organica.png","type":"image\/png"}],"twitter_card":"summary_large_image","twitter_misc":{"Tiempo de lectura":"1 minuto"},"schema":{"@context":"https:\/\/schema.org","@graph":[{"@type":"WebPage","@id":"https:\/\/suetequilana.com.mx\/index.php\/product\/composta-organica-natural-10kg\/","url":"https:\/\/suetequilana.com.mx\/index.php\/product\/composta-organica-natural-10kg\/","name":"Composta Organica Natural 10kg - SUE Tequilana","isPartOf":{"@id":"https:\/\/suetequilana.com.mx\/#website"},"primaryImageOfPage":{"@id":"https:\/\/suetequilana.com.mx\/index.php\/product\/composta-organica-natural-10kg\/#primaryimage"},"image":{"@id":"https:\/\/suetequilana.com.mx\/index.php\/product\/composta-organica-natural-10kg\/#primaryimage"},"thumbnailUrl":"https:\/\/suetequilana.com.mx\/wp-content\/uploads\/2026\/02\/Agaven-10kg-composta-organica.png","datePublished":"2026-02-19T23:22:15+00:00","dateModified":"2026-02-19T23:33:40+00:00","description":"Composta Org\u00e1nica Natural es un mejorador de suelo elaborado a partir de materia org\u00e1nica estabilizada, ideal para agricultura.","breadcrumb":{"@id":"https:\/\/suetequilana.com.mx\/index.php\/product\/composta-organica-natural-10kg\/#breadcrumb"},"inLanguage":"es","potentialAction":[{"@type":"ReadAction","target":["https:\/\/suetequilana.com.mx\/index.php\/product\/composta-organica-natural-10kg\/"]}]},{"@type":"ImageObject","inLanguage":"es","@id":"https:\/\/suetequilana.com.mx\/index.php\/product\/composta-organica-natural-10kg\/#primaryimage","url":"https:\/\/suetequilana.com.mx\/wp-content\/uploads\/2026\/02\/Agaven-10kg-composta-organica.png","contentUrl":"https:\/\/suetequilana.com.mx\/wp-content\/uploads\/2026\/02\/Agaven-10kg-composta-organica.png","width":832,"height":1248,"caption":"Composta org\u00e1nica natural, composta de agave, composta a granel, composta por tonelada"},{"@type":"BreadcrumbList","@id":"https:\/\/suetequilana.com.mx\/index.php\/product\/composta-organica-natural-10kg\/#breadcrumb","itemListElement":[{"@type":"ListItem","position":1,"name":"Inicio","item":"https:\/\/suetequilana.com.mx\/"},{"@type":"ListItem","position":2,"name":"Productos","item":"https:\/\/suetequilana.com.mx\/index.php\/productos\/"},{"@type":"ListItem","position":3,"name":"Composta Organica Natural 10kg"}]},{"@type":"WebSite","@id":"https:\/\/suetequilana.com.mx\/#website","url":"https:\/\/suetequilana.com.mx\/","name":"SUE Tequilana","description":"Comporta org\u00e1nica de agave","potentialAction":[{"@type":"SearchAction","target":{"@type":"EntryPoint","urlTemplate":"https:\/\/suetequilana.com.mx\/?s={search_term_string}"},"query-input":{"@type":"PropertyValueSpecification","valueRequired":true,"valueName":"search_term_string"}}],"inLanguage":"es"}]}},"_links":{"self":[{"href":"https:\/\/suetequilana.com.mx\/index.php\/wp-json\/wp\/v2\/product\/20921","targetHints":{"allow":["GET"]}}],"collection":[{"href":"https:\/\/suetequilana.com.mx\/index.php\/wp-json\/wp\/v2\/product"}],"about":[{"href":"https:\/\/suetequilana.com.mx\/index.php\/wp-json\/wp\/v2\/types\/product"}],"replies":[{"embeddable":true,"href":"https:\/\/suetequilana.com.mx\/index.php\/wp-json\/wp\/v2\/comments?post=20921"}],"version-history":[{"count":2,"href":"https:\/\/suetequilana.com.mx\/index.php\/wp-json\/wp\/v2\/product\/20921\/revisions"}],"predecessor-version":[{"id":20926,"href":"https:\/\/suetequilana.com.mx\/index.php\/wp-json\/wp\/v2\/product\/20921\/revisions\/20926"}],"wp:featuredmedia":[{"embeddable":true,"href":"https:\/\/suetequilana.com.mx\/index.php\/wp-json\/wp\/v2\/media\/20922"}],"wp:attachment":[{"href":"https:\/\/suetequilana.com.mx\/index.php\/wp-json\/wp\/v2\/media?parent=20921"}],"wp:term":[{"taxonomy":"product_brand","embeddable":true,"href":"https:\/\/suetequilana.com.mx\/index.php\/wp-json\/wp\/v2\/product_brand?post=20921"},{"taxonomy":"product_cat","embeddable":true,"href":"https:\/\/suetequilana.com.mx\/index.php\/wp-json\/wp\/v2\/product_cat?post=20921"},{"taxonomy":"product_tag","embeddable":true,"href":"https:\/\/suetequilana.com.mx\/index.php\/wp-json\/wp\/v2\/product_tag?post=20921"}],"curies":[{"name":"wp","href":"https:\/\/api.w.org\/{rel}","templated":true}]}}